{"id":51,"date":"2024-06-12T15:41:05","date_gmt":"2024-06-12T13:41:05","guid":{"rendered":"https:\/\/izerskazagroda.pl\/?page_id=51"},"modified":"2025-01-18T16:14:18","modified_gmt":"2025-01-18T15:14:18","slug":"kontakt","status":"publish","type":"page","link":"https:\/\/izerskazagroda.pl\/?page_id=51","title":{"rendered":"Kontakt"},"content":{"rendered":"\n<p><\/p>\n\n\n\n<p><\/p>\n\n\n\n<p>Ewa Flach &#8211; telefon nr +48 503 084 766<\/p>\n\n\n\n<p>Adres e-mail <strong>izerskazagroda@gmail.com<\/strong><\/p>\n\n\n\n<p>Rezerwacji mo\u017cesz dokona\u0107 tak\u017ce przez <a href=\"https:\/\/www.booking.com\/hotel\/pl\/izerska-zagroda.pl.html\">booking.com<\/a><\/p>\n\n\n\n<p><\/p>\n\n\n\n<p><\/p>\n\n\n\n<p><\/p>\n","protected":false},"excerpt":{"rendered":"<p>Ewa Flach &#8211; telefon nr +48 503 084 766 Adres e-mail izerskazagroda@gmail.com Rezerwacji mo\u017cesz dokona\u0107 tak\u017ce przez booking.com<\/p>\n","protected":false},"author":2,"featured_media":0,"parent":0,"menu_order":0,"comment_status":"closed","ping_status":"closed","template":"","meta":{"footnotes":""},"class_list":["post-51","page","type-page","status-publish","hentry"],"_links":{"self":[{"href":"https:\/\/izerskazagroda.pl\/index.php?rest_route=\/wp\/v2\/pages\/51","targetHints":{"allow":["GET"]}}],"collection":[{"href":"https:\/\/izerskazagroda.pl\/index.php?rest_route=\/wp\/v2\/pages"}],"about":[{"href":"https:\/\/izerskazagroda.pl\/index.php?rest_route=\/wp\/v2\/types\/page"}],"author":[{"embeddable":true,"href":"https:\/\/izerskazagroda.pl\/index.php?rest_route=\/wp\/v2\/users\/2"}],"replies":[{"embeddable":true,"href":"https:\/\/izerskazagroda.pl\/index.php?rest_route=%2Fwp%2Fv2%2Fcomments&post=51"}],"version-history":[{"count":12,"href":"https:\/\/izerskazagroda.pl\/index.php?rest_route=\/wp\/v2\/pages\/51\/revisions"}],"predecessor-version":[{"id":339,"href":"https:\/\/izerskazagroda.pl\/index.php?rest_route=\/wp\/v2\/pages\/51\/revisions\/339"}],"wp:attachment":[{"href":"https:\/\/izerskazagroda.pl\/index.php?rest_route=%2Fwp%2Fv2%2Fmedia&parent=51"}],"curies":[{"name":"wp","href":"https:\/\/api.w.org\/{rel}","templated":true}]}}