{"id":47,"date":"2024-06-12T15:41:05","date_gmt":"2024-06-12T13:41:05","guid":{"rendered":"https:\/\/izerskazagroda.pl\/?page_id=47"},"modified":"2025-01-19T18:15:38","modified_gmt":"2025-01-19T17:15:38","slug":"oferta","status":"publish","type":"page","link":"https:\/\/izerskazagroda.pl\/?page_id=47","title":{"rendered":"Oferta"},"content":{"rendered":"<p style=\"text-align: left;\"><span style=\"font-weight: 400;\">Wiemy,\u00a0 jak wa\u017cny jest dla Was komfort, spok\u00f3j i bezpieczny wypoczynek. Zadbali\u015bmy o wszystko, po to,\u00a0 by czas sp\u0119dzony u nas by\u0142\u00a0 dla Was niezapomniany, pe\u0142en przyg\u00f3d i pi\u0119knych wspomnie\u0144. Aby\u015bcie wyjechali st\u0105d zadowoleni, u\u015bmiechni\u0119ci i ch\u0119tnie\u00a0 do nas wracali.\u00a0\u00a0<\/span><\/p>\n<p>&nbsp;<\/p>\n<ul>\n<li style=\"font-weight: 400;\" aria-level=\"1\"><b>2 apartamenty<\/b><span style=\"font-weight: 400;\">, daj\u0105ce mo\u017cliwo\u015b\u0107 komfortowego pobytu dla 4-5 os\u00f3b. Ka\u017cdy o pow. ok. 50m2 z du\u017cym balkonem na kt\u00f3rym mo\u017cna le\u017cakowa\u0107 lub zje\u015b\u0107 \u015bniadanie. Ka\u017cdy posiada aneks kuchenny z lod\u00f3wk\u0105, czajnikiem, naczyniami oraz przestronn\u0105 \u0142azienk\u0119 z kabin\u0105 prysznicow\u0105. W apartamentach znajduj\u0105 si\u0119: \u0142\u00f3\u017cko ma\u0142\u017ce\u0144skie, wersalka lub rog\u00f3wka, fotele, szafy, komody i st\u00f3\u0142.\u00a0<\/span><\/li>\n<li style=\"font-weight: 400;\" aria-level=\"1\"><b>Pok\u00f3j nr. 1 <\/b><span style=\"font-weight: 400;\">przeznaczony dla 2, 3 os\u00f3b, oko\u0142o 35m2, aneks kuchenny bez lod\u00f3wki. \u0141azienka z kabin\u0105 prysznicow\u0105, du\u017ce \u0142\u00f3\u017cko ma\u0142\u017ce\u0144skie oraz k\u0105cik wypoczynkowy z rozk\u0142adan\u0105 mini sof\u0105, stolikiem i fotelem.<\/span><\/li>\n<li style=\"font-weight: 400;\" aria-level=\"1\"><b>Pok\u00f3j nr. 2<\/b><span style=\"font-weight: 400;\"> przeznaczony dla 4,\u00a0 5 os\u00f3b, oko\u0142o 40m2, aneks kuchenny z lod\u00f3wk\u0105. \u0141azienka z kabin\u0105 prysznicow\u0105. du\u017ce \u0142\u00f3\u017cko ma\u0142\u017ce\u0144skie, rozk\u0142adana rog\u00f3wka, stolik oraz fotel.<\/span><\/li>\n<li style=\"font-weight: 400;\" aria-level=\"1\"><b>Pok\u00f3j nr. 3<\/b><span style=\"font-weight: 400;\"> przeznaczony dla 3 os\u00f3b, pow. 30m2, ma\u0142y aneks kuchenny bez lod\u00f3wki. <\/span>\u0141azienka z kabin\u0105 prysznicow\u0105 oraz 3 wolno stoj\u0105ce \u0142\u00f3\u017cka. Po zsuni\u0119ciu\u00a0 z dw\u00f3ch mo\u017cna zrobi\u0107 du\u017ce \u0142\u00f3\u017cko ma\u0142\u017ce\u0144skie.<\/li>\n<\/ul>\n<p style=\"text-align: center;\"><span style=\"font-weight: 400;\">Wszystkie pokoje i apartamenty maj\u0105 w\u0142asny balkon.<\/span><\/p>\n<p>&nbsp;<\/p>\n<p style=\"text-align: center;\"><span style=\"font-weight: 400;\">Na parterze dla wygody naszych go\u015bci znajduje si\u0119 :<\/span><\/p>\n<p>&nbsp;<\/p>\n<ul>\n<li style=\"font-weight: 400;\" aria-level=\"1\"><b>niezale\u017cna, w pe\u0142ni wyposa\u017cona kuchnia<\/b><span style=\"font-weight: 400;\"> z piecem gazowym i piekarnikiem Du\u017ca lod\u00f3wka, toster, naczynia, sztu\u0107ce i wszystko co w kuchni niezb\u0119dne. Tutaj mo\u017cecie przygotowa\u0107 posi\u0142ki i przechowa\u0107 \u017cywno\u015b\u0107.\u00a0<\/span><\/li>\n<li style=\"font-weight: 400;\" aria-level=\"1\"><b>du\u017cy salon kominkowy<\/b><span style=\"font-weight: 400;\">, serce domu. To miejsce pe\u0142ni wiele r\u00f3l. Rano mo\u017cecie zje\u015b\u0107 tu \u015bniadanie i wypi\u0107 pyszn\u0105 kaw\u0119 z ekspresu. Wieczorem, usi\u0105\u015b\u0107 wygodnie w fotelu lub na kanapie z lampka wina w mi\u0142ym towarzystwie. Przy kominku snu\u0107 opowie\u015bci, czyta\u0107 ksi\u0105\u017cki lub sp\u0119dza\u0107 czas z dzie\u0107mi. Odbywaj\u0105 si\u0119 tutaj mini koncerty, spotkania autorskie a tak\u017ce warsztaty. Salon jest te\u017c miejscem zabaw dla dzieci.<\/span><\/li>\n<li aria-level=\"1\"><b>pralka<\/b><\/li>\n<\/ul>\n<p>&nbsp;<\/p>\n<p>&nbsp;<\/p>\n<p style=\"text-align: center;\"><strong>Domek z bala dla go\u015bci.<\/strong><\/p>\n<p style=\"text-align: left;\"><span style=\"font-weight: 400;\">Niezaprzeczaln\u0105 atrakcj\u0105 Izerskiej Zagrody jest wolnostoj\u0105cy domek z bala, kt\u00f3ry udost\u0119pniamy naszym go\u015bciom. Pi\u0119trowy, pachn\u0105cy drewnem\u00a0 i w pe\u0142ni wyposa\u017cony. D Jest ogrzewany kominkiem i przeznaczony dla 6, 7 os\u00f3b. Na g\u00f3rze znajduje si\u0119 sypialnia z dwoma \u0142\u00f3\u017ckami oraz rozk\u0142adan\u0105 mini sofk\u0105. Na ka\u017cdym mo\u017ce spa\u0107 jedna doros\u0142a osoba lub dw\u00f3jka dzieci.\u00a0 Na dole znajduje si\u0119 salon z aneksem kuchennym oraz \u0142azienka z toalet\u0105 i kabin\u0105 prysznicow\u0105. W salonie\u00a0 wygodny naro\u017cnik oraz wersalka dla dw\u00f3ch os\u00f3b, st\u00f3\u0142 oraz szafa. Aneks kuchenny wyposa\u017cony w niezb\u0119dne naczynia, lod\u00f3wk\u0119,\u00a0 sztu\u0107ce i kuchenk\u0119 elektryczn\u0105. To idealne miejsce dla du\u017cej rodziny lub zgranej grupy os\u00f3b.<\/span><\/p>\n<p><span style=\"font-weight: 400;\">Izerska Zagroda mo\u017ce \u0142\u0105cznie przyj\u0105\u0107 26 os\u00f3b w bardzo komfortowych warunkach. Jest\u00a0 atrakcyjnym miejscem na organizacj\u0119 warsztat\u00f3w, szkole\u0144, zaj\u0119\u0107 edukacyjnych dla dzieci, zaj\u0119\u0107 plenerowych oraz innych form aktywno\u015bci.\u00a0<\/span><\/p>\n<p>&nbsp;<\/p>\n<p style=\"text-align: center;\"><span style=\"font-weight: 400;\">Na zewn\u0105trz czekaj\u0105 na Was ;\u00a0<\/span><\/p>\n<ul>\n<li style=\"font-weight: 400; text-align: left;\" aria-level=\"1\"><span style=\"font-weight: 400;\">du\u017cy parking dla go\u015bci\u00a0<\/span><\/li>\n<li style=\"font-weight: 400; text-align: left;\" aria-level=\"1\"><span style=\"font-weight: 400;\">plac\u00a0 zabaw dla dzieci<\/span><\/li>\n<li style=\"font-weight: 400; text-align: left;\" aria-level=\"1\"><span style=\"font-weight: 400;\">wydzielone miejsce na ognisko i grilla<\/span><\/li>\n<li style=\"font-weight: 400; text-align: left;\" aria-level=\"1\"><span style=\"font-weight: 400;\">du\u017ca altana z bala, gdzie mo\u017cna spo\u017cywa\u0107 posi\u0142ki i grillowa\u0107\u00a0<\/span><\/li>\n<li style=\"font-weight: 400; text-align: left;\" aria-level=\"1\"><span style=\"font-weight: 400;\">pi\u0119kne widoki g\u00f3r i \u0142\u0105k izerskich z mnogo\u015bci\u0105 tras i szlak\u00f3w turystycznych<\/span><\/li>\n<\/ul>\n<p style=\"text-align: center;\"><span style=\"font-weight: 400;\">Serdecznie zapraszamy.<\/span><\/p>\n<p>&nbsp;<\/p>\n<p>&nbsp;<\/p>\n\n\n<p><\/p>\n","protected":false},"excerpt":{"rendered":"<p>Wiemy,\u00a0 jak wa\u017cny jest dla Was komfort, spok\u00f3j i bezpieczny wypoczynek. Zadbali\u015bmy o wszystko, po to,\u00a0 by czas sp\u0119dzony u nas by\u0142\u00a0 dla Was niezapomniany, pe\u0142en przyg\u00f3d i pi\u0119knych wspomnie\u0144. Aby\u015bcie wyjechali st\u0105d zadowoleni, u\u015bmiechni\u0119ci i ch\u0119tnie\u00a0 do nas wracali.\u00a0\u00a0 &nbsp; 2 apartamenty, daj\u0105ce mo\u017cliwo\u015b\u0107 komfortowego pobytu dla 4-5 os\u00f3b. Ka\u017cdy o pow. ok. 50m2 z du\u017cym balkonem na kt\u00f3rym mo\u017cna le\u017cakowa\u0107 lub zje\u015b\u0107 \u015bniadanie. Ka\u017cdy posiada aneks kuchenny z lod\u00f3wk\u0105, czajnikiem, naczyniami oraz przestronn\u0105 \u0142azienk\u0119 z kabin\u0105 prysznicow\u0105. W apartamentach znajduj\u0105 si\u0119: \u0142\u00f3\u017cko ma\u0142\u017ce\u0144skie, wersalka lub rog\u00f3wka, fotele, szafy, komody i st\u00f3\u0142.\u00a0 Pok\u00f3j nr. 1 przeznaczony dla 2, 3 os\u00f3b, oko\u0142o 35m2, aneks kuchenny bez lod\u00f3wki. \u0141azienka z kabin\u0105 prysznicow\u0105, du\u017ce \u0142\u00f3\u017cko ma\u0142\u017ce\u0144skie oraz k\u0105cik wypoczynkowy z rozk\u0142adan\u0105 mini sof\u0105, stolikiem i fotelem. Pok\u00f3j nr. 2 przeznaczony dla 4,\u00a0 5 os\u00f3b, oko\u0142o 40m2, aneks kuchenny z lod\u00f3wk\u0105. \u0141azienka z kabin\u0105 prysznicow\u0105. du\u017ce \u0142\u00f3\u017cko ma\u0142\u017ce\u0144skie, rozk\u0142adana rog\u00f3wka, stolik oraz fotel. Pok\u00f3j nr. 3 przeznaczony dla 3 os\u00f3b, pow. 30m2, ma\u0142y aneks kuchenny bez lod\u00f3wki. \u0141azienka z kabin\u0105 prysznicow\u0105 oraz 3 wolno stoj\u0105ce \u0142\u00f3\u017cka. Po zsuni\u0119ciu\u00a0 z dw\u00f3ch mo\u017cna zrobi\u0107 du\u017ce \u0142\u00f3\u017cko ma\u0142\u017ce\u0144skie. Wszystkie pokoje i apartamenty maj\u0105 w\u0142asny balkon. &nbsp; Na parterze dla wygody naszych go\u015bci znajduje si\u0119 : &nbsp; niezale\u017cna, w pe\u0142ni wyposa\u017cona kuchnia z piecem gazowym i piekarnikiem Du\u017ca lod\u00f3wka, toster, naczynia, sztu\u0107ce i wszystko co w kuchni niezb\u0119dne. Tutaj mo\u017cecie przygotowa\u0107 posi\u0142ki i przechowa\u0107 \u017cywno\u015b\u0107.\u00a0 du\u017cy salon kominkowy, serce domu. To miejsce pe\u0142ni wiele r\u00f3l. Rano mo\u017cecie zje\u015b\u0107 tu \u015bniadanie i wypi\u0107 pyszn\u0105 kaw\u0119 z ekspresu. Wieczorem, usi\u0105\u015b\u0107 wygodnie w fotelu lub na kanapie z lampka wina w mi\u0142ym towarzystwie. Przy kominku snu\u0107 opowie\u015bci, czyta\u0107 ksi\u0105\u017cki lub sp\u0119dza\u0107 czas z dzie\u0107mi. Odbywaj\u0105 si\u0119 tutaj mini koncerty, spotkania autorskie a tak\u017ce warsztaty. Salon jest te\u017c miejscem zabaw dla dzieci. pralka &nbsp; &nbsp; Domek z bala dla go\u015bci. Niezaprzeczaln\u0105 atrakcj\u0105 Izerskiej Zagrody jest wolnostoj\u0105cy domek z bala, kt\u00f3ry udost\u0119pniamy naszym go\u015bciom. Pi\u0119trowy, pachn\u0105cy drewnem\u00a0 i w pe\u0142ni wyposa\u017cony. D Jest ogrzewany kominkiem i przeznaczony dla 6, 7 os\u00f3b. Na g\u00f3rze znajduje si\u0119 sypialnia z dwoma \u0142\u00f3\u017ckami oraz rozk\u0142adan\u0105 mini sofk\u0105. Na ka\u017cdym mo\u017ce spa\u0107 jedna doros\u0142a osoba lub dw\u00f3jka dzieci.\u00a0 Na dole znajduje si\u0119 salon z aneksem kuchennym oraz \u0142azienka z toalet\u0105 i kabin\u0105 prysznicow\u0105. W salonie\u00a0 wygodny naro\u017cnik oraz wersalka dla dw\u00f3ch os\u00f3b, st\u00f3\u0142 oraz szafa. Aneks kuchenny wyposa\u017cony w niezb\u0119dne naczynia, lod\u00f3wk\u0119,\u00a0 sztu\u0107ce i kuchenk\u0119 elektryczn\u0105. To idealne miejsce dla du\u017cej rodziny lub zgranej grupy os\u00f3b. Izerska Zagroda mo\u017ce \u0142\u0105cznie przyj\u0105\u0107 26 os\u00f3b w bardzo komfortowych warunkach. Jest\u00a0 atrakcyjnym miejscem na organizacj\u0119 warsztat\u00f3w, szkole\u0144, zaj\u0119\u0107 edukacyjnych dla dzieci, zaj\u0119\u0107 plenerowych oraz innych form aktywno\u015bci.\u00a0 &nbsp; Na zewn\u0105trz czekaj\u0105 na Was ;\u00a0 du\u017cy parking dla go\u015bci\u00a0 plac\u00a0 zabaw dla dzieci wydzielone miejsce na ognisko i grilla du\u017ca altana z bala, gdzie mo\u017cna spo\u017cywa\u0107 posi\u0142ki i grillowa\u0107\u00a0 pi\u0119kne widoki g\u00f3r i \u0142\u0105k izerskich z mnogo\u015bci\u0105 tras i szlak\u00f3w turystycznych Serdecznie zapraszamy. &nbsp; &nbsp;<\/p>\n","protected":false},"author":2,"featured_media":0,"parent":0,"menu_order":0,"comment_status":"closed","ping_status":"closed","template":"","meta":{"footnotes":""},"class_list":["post-47","page","type-page","status-publish","hentry"],"_links":{"self":[{"href":"https:\/\/izerskazagroda.pl\/index.php?rest_route=\/wp\/v2\/pages\/47","targetHints":{"allow":["GET"]}}],"collection":[{"href":"https:\/\/izerskazagroda.pl\/index.php?rest_route=\/wp\/v2\/pages"}],"about":[{"href":"https:\/\/izerskazagroda.pl\/index.php?rest_route=\/wp\/v2\/types\/page"}],"author":[{"embeddable":true,"href":"https:\/\/izerskazagroda.pl\/index.php?rest_route=\/wp\/v2\/users\/2"}],"replies":[{"embeddable":true,"href":"https:\/\/izerskazagroda.pl\/index.php?rest_route=%2Fwp%2Fv2%2Fcomments&post=47"}],"version-history":[{"count":9,"href":"https:\/\/izerskazagroda.pl\/index.php?rest_route=\/wp\/v2\/pages\/47\/revisions"}],"predecessor-version":[{"id":342,"href":"https:\/\/izerskazagroda.pl\/index.php?rest_route=\/wp\/v2\/pages\/47\/revisions\/342"}],"wp:attachment":[{"href":"https:\/\/izerskazagroda.pl\/index.php?rest_route=%2Fwp%2Fv2%2Fmedia&parent=47"}],"curies":[{"name":"wp","href":"https:\/\/api.w.org\/{rel}","templated":true}]}}